{"id":34,"date":"2025-05-02T14:09:22","date_gmt":"2025-05-02T14:09:22","guid":{"rendered":"https:\/\/cambarabombasdiesel.com.br\/site\/home\/"},"modified":"2025-05-03T11:13:55","modified_gmt":"2025-05-03T11:13:55","slug":"home","status":"publish","type":"page","link":"https:\/\/cambarabombasdiesel.com.br\/site\/","title":{"rendered":"Home"},"content":{"rendered":"\n\n\nGarantia de Qualidade\n<p style=\"text-align: center; font-size: 16px;\"><font color=\"#ffffff\">Na Cambar\u00e1 Bombas Diesel oferecemos a garantia real de que seu ve\u00edculo n\u00e3o vai te deixar na m\u00e3o!<\/font><\/p>\n\n\n\n\nQuem somos n\u00f3s?\n\n\n\n\n\nDesde de 1994, j\u00e1 atendemos mais de 14 mil clientes de todas as regi\u00f5es da Am\u00e9rica do Sul e \u00c1frica.\n\n\nEstamos localizados em Cambar\u00e1 PR, por\u00e9m prestamos servi\u00e7os de assist\u00eancia t\u00e9cnica e repara\u00e7\u00e3o de sistemas de inje\u00e7\u00e3o onde voc\u00ea precisar\n\n\nNossos t\u00e9cnicos passam por cursos de atualiza\u00e7\u00e3o para garantir que as t\u00e9cnicas de reparo sejam sempre as mais adequadas para seu ve\u00edculos\n\n\n\n\nSomos posto de servi\u00e7o autorizado, inclusive atendendo garantia de produtos novos das principais fabricantes do mercado de inje\u00e7\u00e3o diesel: Bosch, Delphi, Denso e Stanadyne\n\n\nUtilizamos equipamentos de diagn\u00f3stico atualizados e com acesso total as fun\u00e7\u00f5es dos fabricantes, garantindo uma varredura de todas as fun\u00e7\u00f5es do ve\u00edculo de forma r\u00e1pida e eficaz\n\n\nInovamos utilizando intelig\u00eancia artificial como aliada no reparo do seu ve\u00edculo. O uso desta ferramenta tem se mostrado eficaz na compreens\u00e3o de falhas e auxilio no reparo dos sistemas\n\n\n\n\nEquipamentos de Teste iguais aos da F\u00e1brica\n\n<p style=\"text-align: center; \"><span style=\"color: rgb(255, 255, 255); font-size: 16px;\">Tecnologia de ponta a sua disposi\u00e7\u00e3o!<\/span><\/p>\n\n\n\n\nNossos Servi\u00e7os:\n\n\n\n\n\n\n\n\n\n\n\n\n\n\n\n\n\n\n\n\n\n\n\n\n\n\n\n\n\n\n\n\n\n\nSobre n\u00f3s:\n<p>A Cambar\u00e1 Bombas Diesel \u00e9 uma empresa especializada na manuten\u00e7\u00e3o de componentes e ve\u00edculos com sistema de inje\u00e7\u00e3o diesel.<br><br>\n\nFundada em 1994 em um pequeno em uma pequena sala, temos buscado nossa evolu\u00e7\u00e3o alinhada com qualidade e bom atendimento. Acompanhando de perto toda a evolu\u00e7\u00e3o tecnol\u00f3gica do setor automotivo, hoje nos destacamos sendo reconhecidos como  refer\u00eancia no mercado nacional de repara\u00e7\u00e3o, atrav\u00e9s das gradua\u00e7\u00f5es de posto de servi\u00e7o autorizado de gigantes do ramo inje\u00e7\u00e3o, como as multinacionais Bosch, Delphi e Stanadyne.<br><br>\n\nSediados em Cambar\u00e1, no norte do Paran\u00e1, atuamos com assist\u00eancia t\u00e9cnica em todo o , com t\u00e9cnicos de campo e visitantes que levam toda a qualidade da empresa at\u00e9 onde nossos clientes necessitem.<br>\n\nTrabalhamos com manuten\u00e7\u00e3o de bombas e bicos injetores mec\u00e2nicos, injetores e bombas do sistema de inje\u00e7\u00e3o eletr\u00f4nica de alta press\u00e3o, turbos e sistemas de p\u00f3s-tratamento (Arla32) com diagn\u00f3sticos totalmente computadorizados.<br><br>\n\nVenha nos fazer uma visita ou solicite uma visita de um dos nossos representantes e conhe\u00e7a mais sobre os benef\u00edcios que podemos oferecer ao seu ve\u00edculo ou frota.<br><\/p>\n\n\n\n\nNossos Parceiros\n\n\n\n\n\n\n\n\n\n\n\n\n\n\n\n\n\n\n\n\n\n\n\n\n\n\n\n\n\n","protected":false},"excerpt":{"rendered":"","protected":false},"author":1,"featured_media":0,"parent":0,"menu_order":0,"comment_status":"closed","ping_status":"closed","template":"","meta":{"pagelayer_contact_templates":[],"_pagelayer_content":"","footnotes":""},"class_list":["post-34","page","type-page","status-publish","hentry"],"jetpack_sharing_enabled":true,"_links":{"self":[{"href":"https:\/\/cambarabombasdiesel.com.br\/site\/wp-json\/wp\/v2\/pages\/34","targetHints":{"allow":["GET"]}}],"collection":[{"href":"https:\/\/cambarabombasdiesel.com.br\/site\/wp-json\/wp\/v2\/pages"}],"about":[{"href":"https:\/\/cambarabombasdiesel.com.br\/site\/wp-json\/wp\/v2\/types\/page"}],"author":[{"embeddable":true,"href":"https:\/\/cambarabombasdiesel.com.br\/site\/wp-json\/wp\/v2\/users\/1"}],"replies":[{"embeddable":true,"href":"https:\/\/cambarabombasdiesel.com.br\/site\/wp-json\/wp\/v2\/comments?post=34"}],"version-history":[{"count":24,"href":"https:\/\/cambarabombasdiesel.com.br\/site\/wp-json\/wp\/v2\/pages\/34\/revisions"}],"predecessor-version":[{"id":150,"href":"https:\/\/cambarabombasdiesel.com.br\/site\/wp-json\/wp\/v2\/pages\/34\/revisions\/150"}],"wp:attachment":[{"href":"https:\/\/cambarabombasdiesel.com.br\/site\/wp-json\/wp\/v2\/media?parent=34"}],"curies":[{"name":"wp","href":"https:\/\/api.w.org\/{rel}","templated":true}]}}